{"id":6414,"date":"2021-04-27T03:17:03","date_gmt":"2021-04-27T03:17:03","guid":{"rendered":"https:\/\/hotelwerk.ro\/payment-completed\/"},"modified":"2024-06-11T07:50:45","modified_gmt":"2024-06-11T07:50:45","slug":"rezervare-finalizata","status":"publish","type":"page","link":"https:\/\/hotelwerk.ro\/ro\/rezervare-finalizata\/","title":{"rendered":"Rezervare \u00een a\u0219teptare"},"content":{"rendered":"<p class=\"has-text-align-center\">Bun\u0103 ziua,<br>V\u0103 mul\u021bumim pentru c\u0103 a\u021bi ales Werk Hotel &amp; SPA. Aceasta nu este o rezervare confirmat\u0103. Colegii de la Departamentul Rezerv\u0103ri-Recep\u021bie vor revni cu r\u0103spuns pentru confirmarea statusului rezerv\u0103rii.<br>Cu stim\u0103,<br>Echipa Werk Hotel &amp; SPA<br>rezervari@hotelwerk.ro<br>receptie@hotelwerk.ro<br>+40 790 780 590<\/p>    <form action=\"#\" class=\"uxper-check-booking-info\">\r\n                <div class=\"form-group\">\r\n            <input type=\"text\" class=\"form-control\" name=\"id\" placeholder=\"ID rezervare\">\r\n        <\/div>\r\n        <div class=\"form-group\">\r\n            <input type=\"email\" class=\"form-control\" name=\"email\" placeholder=\"Email\">\r\n        <\/div>\r\n        <div class=\"form-group\">\r\n            <button type=\"submit\" class=\"form-control nuss-button full-filled wide uppercase\">Verific\u0103 Rezervarea<\/button>\r\n        <\/div>\r\n    <\/form>\r\n","protected":false},"excerpt":{"rendered":"<p>Bun\u0103 ziua,V\u0103 mul\u021bumim pentru c\u0103 a\u021bi ales Werk Hotel &amp; SPA. Aceasta nu este o rezervare confirmat\u0103. Colegii de la Departamentul Rezerv\u0103ri-Recep\u021bie vor revni cu r\u0103spuns pentru confirmarea statusului rezerv\u0103rii.Cu stim\u0103,Echipa Werk Hotel &amp; SPArezervari@hotelwerk.roreceptie@hotelwerk.ro+40 790 780 590<\/p>\n","protected":false},"author":1,"featured_media":0,"parent":0,"menu_order":0,"comment_status":"closed","ping_status":"closed","template":"","meta":{"footnotes":""},"class_list":["post-6414","page","type-page","status-publish","hentry","post-no-thumbnail"],"_links":{"self":[{"href":"https:\/\/hotelwerk.ro\/ro\/wp-json\/wp\/v2\/pages\/6414","targetHints":{"allow":["GET"]}}],"collection":[{"href":"https:\/\/hotelwerk.ro\/ro\/wp-json\/wp\/v2\/pages"}],"about":[{"href":"https:\/\/hotelwerk.ro\/ro\/wp-json\/wp\/v2\/types\/page"}],"author":[{"embeddable":true,"href":"https:\/\/hotelwerk.ro\/ro\/wp-json\/wp\/v2\/users\/1"}],"replies":[{"embeddable":true,"href":"https:\/\/hotelwerk.ro\/ro\/wp-json\/wp\/v2\/comments?post=6414"}],"version-history":[{"count":9,"href":"https:\/\/hotelwerk.ro\/ro\/wp-json\/wp\/v2\/pages\/6414\/revisions"}],"predecessor-version":[{"id":7454,"href":"https:\/\/hotelwerk.ro\/ro\/wp-json\/wp\/v2\/pages\/6414\/revisions\/7454"}],"wp:attachment":[{"href":"https:\/\/hotelwerk.ro\/ro\/wp-json\/wp\/v2\/media?parent=6414"}],"curies":[{"name":"wp","href":"https:\/\/api.w.org\/{rel}","templated":true}]}}