{"id":6702,"date":"2022-09-29T07:58:20","date_gmt":"2022-09-29T07:58:20","guid":{"rendered":"https:\/\/hotelwerk.ro\/lobby-bar\/"},"modified":"2022-09-29T08:16:06","modified_gmt":"2022-09-29T08:16:06","slug":"lobby-bar","status":"publish","type":"page","link":"https:\/\/hotelwerk.ro\/ro\/lobby-bar\/","title":{"rendered":"Lobby Bar"},"content":{"rendered":"\t\t<div data-elementor-type=\"wp-page\" data-elementor-id=\"6702\" class=\"elementor elementor-6702 elementor-6680\">\n\t\t\t\t\t\t<section class=\"elementor-section elementor-top-section elementor-element elementor-element-8e5d6bd elementor-section-boxed elementor-section-gap-beside-yes elementor-section-height-default elementor-section-height-default elementor-section-column-vertical-align-stretch\" data-id=\"8e5d6bd\" data-element_type=\"section\">\n\t\t\t\t\t\t<div class=\"elementor-container elementor-column-gap-extended\">\n\t\t\t\t\t<div class=\"elementor-column elementor-col-100 elementor-top-column elementor-element elementor-element-1c0758f\" data-id=\"1c0758f\" data-element_type=\"column\">\n\t\t\t<div class=\"elementor-widget-wrap elementor-element-populated\">\n\t\t\t\t\t\t<div class=\"elementor-element elementor-element-f4373c2 elementor-widget__width-initial elementor-invisible elementor-widget elementor-widget-text-editor\" data-id=\"f4373c2\" data-element_type=\"widget\" data-settings=\"{&quot;_animation&quot;:&quot;nussFadeInUp&quot;}\" data-widget_type=\"text-editor.default\">\n\t\t\t\t<div class=\"elementor-widget-container\">\n\t\t\t\t\t\t\t<p data-pm-slice=\"1 1 []\">Aflat \u00een zona de Receptie,\u00a0Lobby Bar-ul nostru este disponibil zilnic, cu un meniu de Bar Fresh care poate satisface cele mai diverse gusturi.<\/p><p>Un spatiu care ofer\u0103 lini\u0219te\u00a0\u0219i pl\u0103cere \u00een orice perioad\u0103 din zi.<\/p><p>Este un spa\u021biu unde la sosire ave\u021bi parte de un welcome drink &amp; coffee \u0219i unde seara pute\u021bi s\u0103 degusta\u021bi un pahar cu vin, al\u0103turi de prieteni sau parteneri,\u00a0\u00eentr-o atmosfer\u0103 relaxant\u0103 \u0219i intim\u0103. Proiecte noi, planuri de viitor, afaceri profitabile &#8230;este loculul ideal pentru toate!\u00a0<\/p>\t\t\t\t\t\t<\/div>\n\t\t\t\t<\/div>\n\t\t\t\t\t<\/div>\n\t\t<\/div>\n\t\t\t\t\t<\/div>\n\t\t<\/section>\n\t\t\t\t<section class=\"elementor-section elementor-top-section elementor-element elementor-element-adf626e elementor-section-boxed elementor-section-gap-beside-yes elementor-section-height-default elementor-section-height-default elementor-section-column-vertical-align-stretch\" data-id=\"adf626e\" data-element_type=\"section\">\n\t\t\t\t\t\t<div class=\"elementor-container elementor-column-gap-extended\">\n\t\t\t\t\t<div class=\"elementor-column elementor-col-100 elementor-top-column elementor-element elementor-element-00829dd\" data-id=\"00829dd\" data-element_type=\"column\">\n\t\t\t<div class=\"elementor-widget-wrap elementor-element-populated\">\n\t\t\t\t\t\t<div class=\"elementor-element elementor-element-77ee71b bullets-v-align-below elementor-invisible nuss-elementor-loading nuss-slide-in-up elementor-widget elementor-widget-nuss-image-carousel\" data-id=\"77ee71b\" data-element_type=\"widget\" data-settings=\"{&quot;_animation&quot;:&quot;nussSlideInUp&quot;}\" data-widget_type=\"nuss-image-carousel.default\">\n\t\t\t\t<div class=\"elementor-widget-container\">\n\t\t\t\r\n\t\t<div  class=\"nuss-swiper nuss-slider-widget nav-style-03 pagination-style-01 bullets-horizontal bullets-h-align-center bullets-v-align-below\" data-lg-items=\"1\" data-lg-gutter=\"30\" data-nav=\"1\" data-nav-aligned-by=\"slider\" data-pagination-aligned-by=\"slider\" data-pagination=\"1\" data-loop=\"1\" data-simulate-touch=\"1\" data-speed=\"1000\" data-effect=\"slide\">\r\n\t\t\t<div class=\"swiper-inner\">\r\n\r\n\t\t\t\t\r\n\t\t\t\t<div class=\"swiper-container swiper\">\r\n\t\t\t\t\t<div class=\"swiper-wrapper\">\r\n\t\t\t\t\t\t\t\t\t<div class=\"swiper-slide\">\r\n\t\t\t\t<div class=\"image\">\r\n\t\t\t\t\t<img decoding=\"async\"  src=\"https:\/\/hotelwerk.ro\/wp-content\/uploads\/2022\/09\/DMZ8926.jpg\" alt=\"\" \/>\t\t\t\t<\/div>\r\n\t\t\t<\/div>\r\n\t\t\t\t\t\t<div class=\"swiper-slide\">\r\n\t\t\t\t<div class=\"image\">\r\n\t\t\t\t\t<img decoding=\"async\"  src=\"https:\/\/hotelwerk.ro\/wp-content\/uploads\/2022\/09\/DMZ8925.jpg\" alt=\"\" \/>\t\t\t\t<\/div>\r\n\t\t\t<\/div>\r\n\t\t\t\t\t\t<div class=\"swiper-slide\">\r\n\t\t\t\t<div class=\"image\">\r\n\t\t\t\t\t<img decoding=\"async\"  src=\"https:\/\/hotelwerk.ro\/wp-content\/uploads\/2022\/09\/DMZ8923.jpg\" alt=\"\" \/>\t\t\t\t<\/div>\r\n\t\t\t<\/div>\r\n\t\t\t\t\t\t<div class=\"swiper-slide\">\r\n\t\t\t\t<div class=\"image\">\r\n\t\t\t\t\t<img decoding=\"async\"  src=\"https:\/\/hotelwerk.ro\/wp-content\/uploads\/2022\/09\/DMZ8917.jpg\" alt=\"\" \/>\t\t\t\t<\/div>\r\n\t\t\t<\/div>\r\n\t\t\t\t\t\t<div class=\"swiper-slide\">\r\n\t\t\t\t<div class=\"image\">\r\n\t\t\t\t\t<img decoding=\"async\"  src=\"https:\/\/hotelwerk.ro\/wp-content\/uploads\/2022\/09\/DMZ8916.jpg\" alt=\"\" \/>\t\t\t\t<\/div>\r\n\t\t\t<\/div>\r\n\t\t\t\t\t\t<div class=\"swiper-slide\">\r\n\t\t\t\t<div class=\"image\">\r\n\t\t\t\t\t<img decoding=\"async\"  src=\"https:\/\/hotelwerk.ro\/wp-content\/uploads\/2022\/09\/DMZ8911.jpg\" alt=\"\" \/>\t\t\t\t<\/div>\r\n\t\t\t<\/div>\r\n\t\t\t\t\t\t\t\t<\/div>\r\n\t\t\t\t<\/div>\r\n\r\n\t\t\t\t\r\n\t\t\t<\/div>\r\n\t\t<\/div>\r\n\t\t\t\t<\/div>\n\t\t\t\t<\/div>\n\t\t\t\t\t<\/div>\n\t\t<\/div>\n\t\t\t\t\t<\/div>\n\t\t<\/section>\n\t\t\t\t<\/div>\n\t\t","protected":false},"excerpt":{"rendered":"<p>Aflat \u00een zona de Receptie,&nbsp;Lobby Bar-ul nostru este disponibil zilnic, cu un meniu de Bar Fresh care poate satisface cele mai diverse gusturi. Un spatiu care ofer\u0103 lini\u0219te&nbsp;\u0219i pl\u0103cere \u00een orice perioad\u0103 din zi. Este un spa\u021biu unde la sosire ave\u021bi parte de un welcome drink &amp; coffee \u0219i unde seara pute\u021bi s\u0103 degusta\u021bi un [&hellip;]<\/p>\n","protected":false},"author":1,"featured_media":0,"parent":0,"menu_order":0,"comment_status":"closed","ping_status":"closed","template":"elementor_header_footer","meta":{"footnotes":""},"class_list":["post-6702","page","type-page","status-publish","hentry","post-no-thumbnail"],"_links":{"self":[{"href":"https:\/\/hotelwerk.ro\/ro\/wp-json\/wp\/v2\/pages\/6702","targetHints":{"allow":["GET"]}}],"collection":[{"href":"https:\/\/hotelwerk.ro\/ro\/wp-json\/wp\/v2\/pages"}],"about":[{"href":"https:\/\/hotelwerk.ro\/ro\/wp-json\/wp\/v2\/types\/page"}],"author":[{"embeddable":true,"href":"https:\/\/hotelwerk.ro\/ro\/wp-json\/wp\/v2\/users\/1"}],"replies":[{"embeddable":true,"href":"https:\/\/hotelwerk.ro\/ro\/wp-json\/wp\/v2\/comments?post=6702"}],"version-history":[{"count":4,"href":"https:\/\/hotelwerk.ro\/ro\/wp-json\/wp\/v2\/pages\/6702\/revisions"}],"predecessor-version":[{"id":6706,"href":"https:\/\/hotelwerk.ro\/ro\/wp-json\/wp\/v2\/pages\/6702\/revisions\/6706"}],"wp:attachment":[{"href":"https:\/\/hotelwerk.ro\/ro\/wp-json\/wp\/v2\/media?parent=6702"}],"curies":[{"name":"wp","href":"https:\/\/api.w.org\/{rel}","templated":true}]}}