{"id":8567,"date":"2026-04-23T10:42:07","date_gmt":"2026-04-23T10:42:07","guid":{"rendered":"https:\/\/hotelwerk.ro\/urban-by-werk\/"},"modified":"2026-04-23T10:51:16","modified_gmt":"2026-04-23T10:51:16","slug":"urban-by-werk","status":"publish","type":"page","link":"https:\/\/hotelwerk.ro\/ro\/urban-by-werk\/","title":{"rendered":"Urban by Werk"},"content":{"rendered":"\t\t<div data-elementor-type=\"wp-page\" data-elementor-id=\"8567\" class=\"elementor elementor-8567 elementor-8518\">\n\t\t\t\t\t\t<section class=\"elementor-section elementor-top-section elementor-element elementor-element-e2effe8 elementor-section-boxed elementor-section-gap-beside-yes elementor-section-height-default elementor-section-height-default elementor-section-column-vertical-align-stretch\" data-id=\"e2effe8\" data-element_type=\"section\">\n\t\t\t\t\t\t<div class=\"elementor-container elementor-column-gap-extended\">\n\t\t\t\t\t<div class=\"elementor-column elementor-col-100 elementor-top-column elementor-element elementor-element-e18f688\" data-id=\"e18f688\" data-element_type=\"column\">\n\t\t\t<div class=\"elementor-widget-wrap elementor-element-populated\">\n\t\t\t\t\t\t<div class=\"elementor-element elementor-element-846bfc6 elementor-widget elementor-widget-heading\" data-id=\"846bfc6\" data-element_type=\"widget\" data-widget_type=\"heading.default\">\n\t\t\t\t<div class=\"elementor-widget-container\">\n\t\t\t<h2 class=\"elementor-heading-title elementor-size-default\">Restaurant Urban by Werk<\/h2>\t\t<\/div>\n\t\t\t\t<\/div>\n\t\t\t\t<div class=\"elementor-element elementor-element-e32d24a elementor-widget elementor-widget-image\" data-id=\"e32d24a\" data-element_type=\"widget\" data-widget_type=\"image.default\">\n\t\t\t\t<div class=\"elementor-widget-container\">\n\t\t\t\t\t\t\t\t\t\t\t\t\t<img fetchpriority=\"high\" decoding=\"async\" width=\"400\" height=\"400\" src=\"https:\/\/hotelwerk.ro\/wp-content\/uploads\/2026\/04\/cod-qr-meniu-urban.png\" class=\"attachment-large size-large wp-image-8520\" alt=\"\" srcset=\"https:\/\/hotelwerk.ro\/wp-content\/uploads\/2026\/04\/cod-qr-meniu-urban.png 400w, https:\/\/hotelwerk.ro\/wp-content\/uploads\/2026\/04\/cod-qr-meniu-urban-300x300.png 300w, https:\/\/hotelwerk.ro\/wp-content\/uploads\/2026\/04\/cod-qr-meniu-urban-150x150.png 150w, https:\/\/hotelwerk.ro\/wp-content\/uploads\/2026\/04\/cod-qr-meniu-urban-100x100.png 100w\" sizes=\"(max-width: 400px) 100vw, 400px\" \/>\t\t\t\t\t\t\t\t\t\t\t\t\t<\/div>\n\t\t\t\t<\/div>\n\t\t\t\t<div class=\"elementor-element elementor-element-6db146d elementor-widget__width-initial elementor-invisible elementor-widget elementor-widget-text-editor\" data-id=\"6db146d\" data-element_type=\"widget\" data-settings=\"{&quot;_animation&quot;:&quot;nussFadeInUp&quot;}\" data-widget_type=\"text-editor.default\">\n\t\t\t\t<div class=\"elementor-widget-container\">\n\t\t\t\t\t\t\t<p data-pm-slice=\"1 1 [\"list\",{},\"list_item\",{\"indent\":1,\"type\":\"bulleted\"}]\">Urban by Werk este un restaurant modern situat \u00een apropierea Castelului Corvinilor, remarcat prin atmosfera sa urban\u0103 \u0219i design-ul industrial, amenajat \u00eentr-o fost\u0103 cl\u0103dire industrial\u0103. Localul ofer\u0103 preparate din buc\u0103t\u0103ria european\u0103, central-european\u0103 \u0219i rom\u00e2neasc\u0103, cu por\u021bii generoase \u0219i un meniu variat, potrivit at\u00e2t pentru pr\u00e2nz, c\u00e2t \u0219i pentru cin\u0103. Spa\u021biul este amplu, cu teras\u0103 \u0219i ambient relaxant, fiind ideal pentru \u00eent\u00e2lniri cu prietenii sau mese \u00een familie. Este apreciat pentru m\u00e2ncarea gustoas\u0103, decorul modern \u0219i pozi\u021bia excelent\u0103, combin\u00e2nd o experien\u021b\u0103 culinar\u0103 pl\u0103cut\u0103 cu un cadru original \u0219i confortabil.   <\/p>\n\t\t\t\t\t\t<\/div>\n\t\t\t\t<\/div>\n\t\t\t\t<section class=\"elementor-section elementor-inner-section elementor-element elementor-element-d08fceb elementor-section-boxed elementor-section-gap-beside-yes elementor-section-height-default elementor-section-height-default elementor-section-content-align-center elementor-section-column-vertical-align-stretch\" data-id=\"d08fceb\" data-element_type=\"section\">\n\t\t\t\t\t\t<div class=\"elementor-container elementor-column-gap-extended\">\n\t\t\t\t\t<div class=\"elementor-column elementor-col-50 elementor-inner-column elementor-element elementor-element-1e36eb4 elementor-invisible\" data-id=\"1e36eb4\" data-element_type=\"column\" data-settings=\"{&quot;animation&quot;:&quot;nussFadeInUp&quot;}\">\n\t\t\t<div class=\"elementor-widget-wrap elementor-element-populated\">\n\t\t\t\t\t\t<div class=\"elementor-element elementor-element-1422adb elementor-widget elementor-widget-heading\" data-id=\"1422adb\" data-element_type=\"widget\" data-widget_type=\"heading.default\">\n\t\t\t\t<div class=\"elementor-widget-container\">\n\t\t\t<p class=\"elementor-heading-title elementor-size-default\">DESCHIS<\/p>\t\t<\/div>\n\t\t\t\t<\/div>\n\t\t\t\t<div class=\"elementor-element elementor-element-e2e67bd elementor-widget elementor-widget-text-editor\" data-id=\"e2e67bd\" data-element_type=\"widget\" data-widget_type=\"text-editor.default\">\n\t\t\t\t<div class=\"elementor-widget-container\">\n\t\t\t\t\t\t\t<p>LUNI \u2013 DUMINIC\u0102<\/p>\n\t\t\t\t\t\t<\/div>\n\t\t\t\t<\/div>\n\t\t\t\t<div class=\"elementor-element elementor-element-282c3fb elementor-widget elementor-widget-heading\" data-id=\"282c3fb\" data-element_type=\"widget\" data-widget_type=\"heading.default\">\n\t\t\t\t<div class=\"elementor-widget-container\">\n\t\t\t<p class=\"elementor-heading-title elementor-size-default\">TELEFON<\/p>\t\t<\/div>\n\t\t\t\t<\/div>\n\t\t\t\t<div class=\"elementor-element elementor-element-e9f898f elementor-widget elementor-widget-text-editor\" data-id=\"e9f898f\" data-element_type=\"widget\" data-widget_type=\"text-editor.default\">\n\t\t\t\t<div class=\"elementor-widget-container\">\n\t\t\t\t\t\t\t<p data-start=\"706\" data-end=\"732\"><a href=\"tel:0799 774 774\">0799 774 774<\/a><\/p>\n\t\t\t\t\t\t<\/div>\n\t\t\t\t<\/div>\n\t\t\t\t\t<\/div>\n\t\t<\/div>\n\t\t\t\t<div class=\"elementor-column elementor-col-50 elementor-inner-column elementor-element elementor-element-8d103af elementor-invisible\" data-id=\"8d103af\" data-element_type=\"column\" data-settings=\"{&quot;animation&quot;:&quot;nussFadeInUp&quot;}\">\n\t\t\t<div class=\"elementor-widget-wrap elementor-element-populated\">\n\t\t\t\t\t\t<div class=\"elementor-element elementor-element-8befa1c elementor-widget elementor-widget-heading\" data-id=\"8befa1c\" data-element_type=\"widget\" data-widget_type=\"heading.default\">\n\t\t\t\t<div class=\"elementor-widget-container\">\n\t\t\t<p class=\"elementor-heading-title elementor-size-default\">PROGRAM<\/p>\t\t<\/div>\n\t\t\t\t<\/div>\n\t\t\t\t<div class=\"elementor-element elementor-element-014b340 elementor-widget elementor-widget-text-editor\" data-id=\"014b340\" data-element_type=\"widget\" data-widget_type=\"text-editor.default\">\n\t\t\t\t<div class=\"elementor-widget-container\">\n\t\t\t\t\t\t\t<p>11:00 \u2013 21:30 (ultima comand\u0103)<br \/>De la ora 11:00 se deschide barul<br data-start=\"670\" data-end=\"673\">De la 12:00 se comand\u0103 pr\u00e2nzul<\/p>\n\t\t\t\t\t\t<\/div>\n\t\t\t\t<\/div>\n\t\t\t\t\t<\/div>\n\t\t<\/div>\n\t\t\t\t\t<\/div>\n\t\t<\/section>\n\t\t\t\t<div class=\"elementor-element elementor-element-06b8a0e elementor-widget__width-initial elementor-invisible elementor-widget elementor-widget-text-editor\" data-id=\"06b8a0e\" data-element_type=\"widget\" data-settings=\"{&quot;_animation&quot;:&quot;nussFadeInUp&quot;}\" data-widget_type=\"text-editor.default\">\n\t\t\t\t<div class=\"elementor-widget-container\">\n\t\t\t\t\t\t\t<p>Pentru informa\u021bii suplimentare v\u0103 st\u0103m la dispozi\u021bie.<\/p>\n\t\t\t\t\t\t<\/div>\n\t\t\t\t<\/div>\n\t\t\t\t\t<\/div>\n\t\t<\/div>\n\t\t\t\t\t<\/div>\n\t\t<\/section>\n\t\t\t\t<section class=\"elementor-section elementor-top-section elementor-element elementor-element-efdaa11 elementor-section-boxed elementor-section-gap-beside-yes elementor-section-height-default elementor-section-height-default elementor-section-column-vertical-align-stretch\" data-id=\"efdaa11\" data-element_type=\"section\">\n\t\t\t\t\t\t<div class=\"elementor-container elementor-column-gap-extended\">\n\t\t\t\t\t<div class=\"elementor-column elementor-col-100 elementor-top-column elementor-element elementor-element-3a1e86a\" data-id=\"3a1e86a\" data-element_type=\"column\">\n\t\t\t<div class=\"elementor-widget-wrap elementor-element-populated\">\n\t\t\t\t\t\t<div class=\"elementor-element elementor-element-032b83a bullets-v-align-below elementor-invisible nuss-elementor-loading nuss-slide-in-up elementor-widget elementor-widget-nuss-image-carousel\" data-id=\"032b83a\" data-element_type=\"widget\" data-settings=\"{&quot;_animation&quot;:&quot;nussSlideInUp&quot;}\" data-widget_type=\"nuss-image-carousel.default\">\n\t\t\t\t<div class=\"elementor-widget-container\">\n\t\t\t\r\n\t\t<div  class=\"nuss-swiper nuss-slider-widget nav-style-03 pagination-style-01 bullets-horizontal bullets-h-align-center bullets-v-align-below\" data-lg-items=\"1\" data-lg-gutter=\"30\" data-nav=\"1\" data-nav-aligned-by=\"slider\" data-pagination-aligned-by=\"slider\" data-pagination=\"1\" data-loop=\"1\" data-simulate-touch=\"1\" data-speed=\"1000\" data-effect=\"slide\">\r\n\t\t\t<div class=\"swiper-inner\">\r\n\r\n\t\t\t\t\r\n\t\t\t\t<div class=\"swiper-container swiper\">\r\n\t\t\t\t\t<div class=\"swiper-wrapper\">\r\n\t\t\t\t\t\t\t\t\t<div class=\"swiper-slide\">\r\n\t\t\t\t<div class=\"image\">\r\n\t\t\t\t\t<img decoding=\"async\"  src=\"https:\/\/hotelwerk.ro\/wp-content\/uploads\/2026\/04\/3-scaled.jpg\" alt=\"3\" \/>\t\t\t\t<\/div>\r\n\t\t\t<\/div>\r\n\t\t\t\t\t\t<div class=\"swiper-slide\">\r\n\t\t\t\t<div class=\"image\">\r\n\t\t\t\t\t<img decoding=\"async\"  src=\"https:\/\/hotelwerk.ro\/wp-content\/uploads\/2026\/04\/WhatsApp-Image-2026-04-14-at-14.14.14.jpeg\" alt=\"WhatsApp Image 2026-04-14 at 14.14.14\" \/>\t\t\t\t<\/div>\r\n\t\t\t<\/div>\r\n\t\t\t\t\t\t<div class=\"swiper-slide\">\r\n\t\t\t\t<div class=\"image\">\r\n\t\t\t\t\t<img decoding=\"async\"  src=\"https:\/\/hotelwerk.ro\/wp-content\/uploads\/2026\/04\/WhatsApp-Image-2026-04-14-at-14.31.26.jpeg\" alt=\"WhatsApp Image 2026-04-14 at 14.31.26\" \/>\t\t\t\t<\/div>\r\n\t\t\t<\/div>\r\n\t\t\t\t\t\t<div class=\"swiper-slide\">\r\n\t\t\t\t<div class=\"image\">\r\n\t\t\t\t\t<img decoding=\"async\"  src=\"https:\/\/hotelwerk.ro\/wp-content\/uploads\/2026\/04\/17-scaled.jpg\" alt=\"17\" \/>\t\t\t\t<\/div>\r\n\t\t\t<\/div>\r\n\t\t\t\t\t\t<div class=\"swiper-slide\">\r\n\t\t\t\t<div class=\"image\">\r\n\t\t\t\t\t<img decoding=\"async\"  src=\"https:\/\/hotelwerk.ro\/wp-content\/uploads\/2026\/04\/35-scaled.jpg\" alt=\"35\" \/>\t\t\t\t<\/div>\r\n\t\t\t<\/div>\r\n\t\t\t\t\t\t<div class=\"swiper-slide\">\r\n\t\t\t\t<div class=\"image\">\r\n\t\t\t\t\t<img decoding=\"async\"  src=\"https:\/\/hotelwerk.ro\/wp-content\/uploads\/2026\/04\/39-scaled.jpg\" alt=\"39\" \/>\t\t\t\t<\/div>\r\n\t\t\t<\/div>\r\n\t\t\t\t\t\t<div class=\"swiper-slide\">\r\n\t\t\t\t<div class=\"image\">\r\n\t\t\t\t\t<img decoding=\"async\"  src=\"https:\/\/hotelwerk.ro\/wp-content\/uploads\/2026\/04\/42-scaled.jpg\" alt=\"42\" \/>\t\t\t\t<\/div>\r\n\t\t\t<\/div>\r\n\t\t\t\t\t\t<div class=\"swiper-slide\">\r\n\t\t\t\t<div class=\"image\">\r\n\t\t\t\t\t<img decoding=\"async\"  src=\"https:\/\/hotelwerk.ro\/wp-content\/uploads\/2026\/04\/ext.jpeg\" alt=\"ext\" \/>\t\t\t\t<\/div>\r\n\t\t\t<\/div>\r\n\t\t\t\t\t\t<div class=\"swiper-slide\">\r\n\t\t\t\t<div class=\"image\">\r\n\t\t\t\t\t<img decoding=\"async\"  src=\"https:\/\/hotelwerk.ro\/wp-content\/uploads\/2026\/04\/terasa1.jpeg\" alt=\"terasa1\" \/>\t\t\t\t<\/div>\r\n\t\t\t<\/div>\r\n\t\t\t\t\t\t<div class=\"swiper-slide\">\r\n\t\t\t\t<div class=\"image\">\r\n\t\t\t\t\t<img decoding=\"async\"  src=\"https:\/\/hotelwerk.ro\/wp-content\/uploads\/2026\/04\/werk-meniu-2.jpg\" alt=\"werk meniu 2\" \/>\t\t\t\t<\/div>\r\n\t\t\t<\/div>\r\n\t\t\t\t\t\t<div class=\"swiper-slide\">\r\n\t\t\t\t<div class=\"image\">\r\n\t\t\t\t\t<img decoding=\"async\"  src=\"https:\/\/hotelwerk.ro\/wp-content\/uploads\/2026\/04\/werk-meniu-9.jpg\" alt=\"werk meniu 9\" \/>\t\t\t\t<\/div>\r\n\t\t\t<\/div>\r\n\t\t\t\t\t\t<div class=\"swiper-slide\">\r\n\t\t\t\t<div class=\"image\">\r\n\t\t\t\t\t<img decoding=\"async\"  src=\"https:\/\/hotelwerk.ro\/wp-content\/uploads\/2026\/04\/werk-meniu-11.jpg\" alt=\"werk meniu 11\" \/>\t\t\t\t<\/div>\r\n\t\t\t<\/div>\r\n\t\t\t\t\t\t<div class=\"swiper-slide\">\r\n\t\t\t\t<div class=\"image\">\r\n\t\t\t\t\t<img decoding=\"async\"  src=\"https:\/\/hotelwerk.ro\/wp-content\/uploads\/2026\/04\/werk-meniu.jpg\" alt=\"werk meniu\" \/>\t\t\t\t<\/div>\r\n\t\t\t<\/div>\r\n\t\t\t\t\t\t<div class=\"swiper-slide\">\r\n\t\t\t\t<div class=\"image\">\r\n\t\t\t\t\t<img decoding=\"async\"  src=\"https:\/\/hotelwerk.ro\/wp-content\/uploads\/2026\/04\/WhatsApp-Image-2026-04-14-at-12.36.54.jpeg\" alt=\"WhatsApp Image 2026-04-14 at 12.36.54\" \/>\t\t\t\t<\/div>\r\n\t\t\t<\/div>\r\n\t\t\t\t\t\t<div class=\"swiper-slide\">\r\n\t\t\t\t<div class=\"image\">\r\n\t\t\t\t\t<img decoding=\"async\"  src=\"https:\/\/hotelwerk.ro\/wp-content\/uploads\/2026\/04\/WhatsApp-Image-2026-04-14-at-12.37.14.jpeg\" alt=\"WhatsApp Image 2026-04-14 at 12.37.14\" \/>\t\t\t\t<\/div>\r\n\t\t\t<\/div>\r\n\t\t\t\t\t\t\t\t<\/div>\r\n\t\t\t\t<\/div>\r\n\r\n\t\t\t\t\r\n\t\t\t<\/div>\r\n\t\t<\/div>\r\n\t\t\t\t<\/div>\n\t\t\t\t<\/div>\n\t\t\t\t\t<\/div>\n\t\t<\/div>\n\t\t\t\t\t<\/div>\n\t\t<\/section>\n\t\t\t\t<\/div>\n\t\t","protected":false},"excerpt":{"rendered":"<p>Restaurant Urban by Werk Urban by Werk este un restaurant modern situat \u00een apropierea Castelului Corvinilor, remarcat prin atmosfera sa urban\u0103 \u0219i design-ul industrial, amenajat \u00eentr-o fost\u0103 cl\u0103dire industrial\u0103. Localul ofer\u0103 preparate din buc\u0103t\u0103ria european\u0103, central-european\u0103 \u0219i rom\u00e2neasc\u0103, cu por\u021bii generoase \u0219i un meniu variat, potrivit at\u00e2t pentru pr\u00e2nz, c\u00e2t \u0219i pentru cin\u0103. Spa\u021biul este [&hellip;]<\/p>\n","protected":false},"author":1,"featured_media":0,"parent":0,"menu_order":0,"comment_status":"closed","ping_status":"closed","template":"elementor_header_footer","meta":{"footnotes":""},"class_list":["post-8567","page","type-page","status-publish","hentry","post-no-thumbnail"],"_links":{"self":[{"href":"https:\/\/hotelwerk.ro\/ro\/wp-json\/wp\/v2\/pages\/8567","targetHints":{"allow":["GET"]}}],"collection":[{"href":"https:\/\/hotelwerk.ro\/ro\/wp-json\/wp\/v2\/pages"}],"about":[{"href":"https:\/\/hotelwerk.ro\/ro\/wp-json\/wp\/v2\/types\/page"}],"author":[{"embeddable":true,"href":"https:\/\/hotelwerk.ro\/ro\/wp-json\/wp\/v2\/users\/1"}],"replies":[{"embeddable":true,"href":"https:\/\/hotelwerk.ro\/ro\/wp-json\/wp\/v2\/comments?post=8567"}],"version-history":[{"count":1,"href":"https:\/\/hotelwerk.ro\/ro\/wp-json\/wp\/v2\/pages\/8567\/revisions"}],"predecessor-version":[{"id":8568,"href":"https:\/\/hotelwerk.ro\/ro\/wp-json\/wp\/v2\/pages\/8567\/revisions\/8568"}],"wp:attachment":[{"href":"https:\/\/hotelwerk.ro\/ro\/wp-json\/wp\/v2\/media?parent=8567"}],"curies":[{"name":"wp","href":"https:\/\/api.w.org\/{rel}","templated":true}]}}